{"id":40,"date":"2026-03-17T15:16:23","date_gmt":"2026-03-17T15:16:23","guid":{"rendered":"https:\/\/forum.issibern.ch\/gnss-monitoring-earth-deformation\/?page_id=40"},"modified":"2026-03-17T15:17:27","modified_gmt":"2026-03-17T15:17:27","slug":"conveners-and-participants","status":"publish","type":"page","link":"https:\/\/forum.issibern.ch\/gnss-monitoring-earth-deformation\/conveners-and-participants\/","title":{"rendered":"Conveners and Participants"},"content":{"rendered":"<p><strong>Conveners<\/strong><\/p>\n<table style=\"font-weight: 400; height: 350px;\" width=\"548\">\n<tbody>\n<tr>\n<td width=\"156\">Roland Hohensinn<\/td>\n<\/tr>\n<tr>\n<td width=\"156\">Paul Rebischung<\/td>\n<\/tr>\n<tr>\n<td width=\"156\">Corn\u00e9 Kreemer<\/td>\n<\/tr>\n<tr>\n<td width=\"156\">Hilary Martens<\/td>\n<\/tr>\n<tr>\n<td width=\"156\">Anna Klos<\/td>\n<\/tr>\n<tr>\n<td width=\"156\">Juan-Carlos B\u00e0ez<\/td>\n<\/tr>\n<\/tbody>\n<\/table>\n<p><strong>Participants<\/strong><\/p>\n<table style=\"font-weight: 400; height: 1373px;\" width=\"548\">\n<tbody>\n<tr>\n<td width=\"156\">Kristel Chanard<\/td>\n<\/tr>\n<tr>\n<td width=\"156\">Kevin Gobron<\/td>\n<\/tr>\n<tr>\n<td width=\"156\">Benjamin M\u00e4nnel<\/td>\n<\/tr>\n<tr>\n<td width=\"156\">Simon McClusky<\/td>\n<\/tr>\n<tr>\n<td width=\"156\">Alvaro Santamaria-Gomez<\/td>\n<\/tr>\n<tr>\n<td width=\"156\">Jeff Freymueller<\/td>\n<\/tr>\n<tr>\n<td width=\"156\">Jonathan Bedford<\/td>\n<\/tr>\n<tr>\n<td width=\"156\">Paul Ries<\/td>\n<\/tr>\n<tr>\n<td width=\"156\">Susanna Werth<\/td>\n<\/tr>\n<tr>\n<td width=\"156\">Grace Carlson<\/td>\n<\/tr>\n<tr>\n<td width=\"156\">Xiaoxing He<\/td>\n<\/tr>\n<tr>\n<td width=\"156\">Tonie van Dam<\/td>\n<\/tr>\n<tr>\n<td width=\"156\">Matt King<\/td>\n<\/tr>\n<tr>\n<td width=\"156\">Tom Herring<\/td>\n<\/tr>\n<tr>\n<td width=\"156\">Rolf Dach<\/td>\n<\/tr>\n<tr>\n<td width=\"156\">Allison Craddock<\/td>\n<\/tr>\n<tr>\n<td width=\"156\">Enrico Serpelloni<\/td>\n<\/tr>\n<tr>\n<td width=\"156\">Markus Bradke<\/td>\n<\/tr>\n<tr>\n<td width=\"156\">Rui Fernandes<\/td>\n<\/tr>\n<tr>\n<td width=\"156\">Adrian Borsa<\/td>\n<\/tr>\n<tr>\n<td width=\"156\">Manuela Seitz<\/td>\n<\/tr>\n<\/tbody>\n<\/table>\n<p>&nbsp;<\/p>\n<p>last update: March 17, 2026<\/p>\n","protected":false},"excerpt":{"rendered":"<p>Conveners Roland Hohensinn Paul Rebischung Corn\u00e9 Kreemer Hilary Martens Anna Klos Juan-Carlos B\u00e0ez Participants Kristel Chanard Kevin Gobron Benjamin M\u00e4nnel Simon McClusky Alvaro Santamaria-Gomez Jeff Freymueller Jonathan Bedford Paul Ries Susanna Werth Grace Carlson Xiaoxing He Tonie van Dam Matt King Tom Herring Rolf Dach Allison Craddock Enrico Serpelloni Markus Bradke Rui Fernandes Adrian Borsa [&hellip;]<\/p>\n","protected":false},"author":1,"featured_media":0,"parent":0,"menu_order":0,"comment_status":"closed","ping_status":"closed","template":"","meta":{"footnotes":""},"class_list":["post-40","page","type-page","status-publish","hentry"],"_links":{"self":[{"href":"https:\/\/forum.issibern.ch\/gnss-monitoring-earth-deformation\/wp-json\/wp\/v2\/pages\/40","targetHints":{"allow":["GET"]}}],"collection":[{"href":"https:\/\/forum.issibern.ch\/gnss-monitoring-earth-deformation\/wp-json\/wp\/v2\/pages"}],"about":[{"href":"https:\/\/forum.issibern.ch\/gnss-monitoring-earth-deformation\/wp-json\/wp\/v2\/types\/page"}],"author":[{"embeddable":true,"href":"https:\/\/forum.issibern.ch\/gnss-monitoring-earth-deformation\/wp-json\/wp\/v2\/users\/1"}],"replies":[{"embeddable":true,"href":"https:\/\/forum.issibern.ch\/gnss-monitoring-earth-deformation\/wp-json\/wp\/v2\/comments?post=40"}],"version-history":[{"count":3,"href":"https:\/\/forum.issibern.ch\/gnss-monitoring-earth-deformation\/wp-json\/wp\/v2\/pages\/40\/revisions"}],"predecessor-version":[{"id":44,"href":"https:\/\/forum.issibern.ch\/gnss-monitoring-earth-deformation\/wp-json\/wp\/v2\/pages\/40\/revisions\/44"}],"wp:attachment":[{"href":"https:\/\/forum.issibern.ch\/gnss-monitoring-earth-deformation\/wp-json\/wp\/v2\/media?parent=40"}],"curies":[{"name":"wp","href":"https:\/\/api.w.org\/{rel}","templated":true}]}}